{"id":37646,"date":"2024-12-02T09:20:27","date_gmt":"2024-12-02T08:20:27","guid":{"rendered":"https:\/\/www.marinea.es\/?page_id=37646"},"modified":"2025-01-24T09:57:37","modified_gmt":"2025-01-24T08:57:37","slug":"sobre-nosotros","status":"publish","type":"page","link":"https:\/\/www.marinea.es\/en\/sobre-nosotros\/","title":{"rendered":"About us"},"content":{"rendered":"<div data-elementor-type=\"wp-page\" data-elementor-id=\"37646\" class=\"elementor elementor-37646\" data-elementor-post-type=\"page\">\n\t\t\t\t<div class=\"elementor-element elementor-element-4aec30c e-flex e-con-boxed e-con e-parent\" data-id=\"4aec30c\" data-element_type=\"container\" data-e-type=\"container\">\n\t\t\t\t\t<div class=\"e-con-inner\">\n\t\t<div class=\"elementor-element elementor-element-3fb4979 e-con-full e-flex e-con e-child\" data-id=\"3fb4979\" data-element_type=\"container\" data-e-type=\"container\">\n\t\t\t\t<div class=\"elementor-element elementor-element-60f9e6f dce_masking-clippath elementor-widget__width-initial elementor-widget-mobile__width-initial elementor-widget elementor-widget-image\" data-id=\"60f9e6f\" data-element_type=\"widget\" data-e-type=\"widget\" data-widget_type=\"image.default\">\n\t\t\t\t<div class=\"elementor-widget-container\">\n\t\t\t\t\t\t\t\t\t\t\t\t\t\t\t<img fetchpriority=\"high\" decoding=\"async\" width=\"768\" height=\"811\" src=\"https:\/\/www.marinea.es\/wp-content\/uploads\/2024\/12\/calpe-768x811.webp\" class=\"attachment-medium_large size-medium_large wp-image-41752\" alt=\"%title\" srcset=\"https:\/\/www.marinea.es\/wp-content\/uploads\/2024\/12\/calpe-768x811.webp 768w, https:\/\/www.marinea.es\/wp-content\/uploads\/2024\/12\/calpe-284x300.webp 284w, https:\/\/www.marinea.es\/wp-content\/uploads\/2024\/12\/calpe-11x12.webp 11w, https:\/\/www.marinea.es\/wp-content\/uploads\/2024\/12\/calpe-300x317.webp 300w, https:\/\/www.marinea.es\/wp-content\/uploads\/2024\/12\/calpe-600x634.webp 600w, https:\/\/www.marinea.es\/wp-content\/uploads\/2024\/12\/calpe.webp 815w\" sizes=\"(max-width: 768px) 100vw, 768px\" title=\"\">\t\t\t\t\t\t\t\t\t\t\t\t\t\t\t<\/div>\n\t\t\t\t<\/div>\n\t\t<div class=\"elementor-element elementor-element-4adfcb1 e-con-full e-flex e-con e-child\" data-id=\"4adfcb1\" data-element_type=\"container\" data-e-type=\"container\">\n\t\t\t\t<div class=\"elementor-element elementor-element-a808ca8 elementor-widget elementor-widget-heading\" data-id=\"a808ca8\" data-element_type=\"widget\" data-e-type=\"widget\" data-widget_type=\"heading.default\">\n\t\t\t\t<div class=\"elementor-widget-container\">\n\t\t\t\t\t<h2 class=\"elementor-heading-title elementor-size-default\">About me\/us<\/h2>\t\t\t\t<\/div>\n\t\t\t\t<\/div>\n\t\t\t\t<div class=\"elementor-element elementor-element-cd65377 elementor-widget elementor-widget-text-editor\" data-id=\"cd65377\" data-element_type=\"widget\" data-e-type=\"widget\" data-widget_type=\"text-editor.default\">\n\t\t\t\t<div class=\"elementor-widget-container\">\n\t\t\t\t\t\t\t\t\t<p>\ud83c\udf0d\u00a0<strong>Nationality<\/strong>: German, but with a divided heart because...<br \/>\ud83c\udfd6\ufe0f\u00a0<strong>I live in Spain<\/strong>Here I found my home in the sun!<br \/>\u2653\u00a0<strong>Sign<\/strong>Pisces (born in 1991, a born dreamer).<\/p><p>\ud83d\udc9b\u00a0<strong>Lover of...<\/strong><\/p><ul><li>\ud83e\uddf3 <strong>Travelling<\/strong>: Always looking forward to discovering new places.<\/li><li>\ud83d\udc3e <strong>Animals<\/strong>From the furriest to the most exotic, I love them all!<\/li><li>\ud83d\udcf8\u00a0<strong>Photography:<\/strong> Capturing moments and places is my way of keeping memories forever.<\/li><li>\ud83c\udf7d\ufe0f<strong> Good food:<\/strong> Nothing like a delicious dish to brighten up my day.<\/li><\/ul>\t\t\t\t\t\t\t\t<\/div>\n\t\t\t\t<\/div>\n\t\t\t\t<\/div>\n\t\t\t\t<\/div>\n\t\t\t\t<div class=\"elementor-element elementor-element-b1d10b9 elementor-widget elementor-widget-text-editor\" data-id=\"b1d10b9\" data-element_type=\"widget\" data-e-type=\"widget\" data-widget_type=\"text-editor.default\">\n\t\t\t\t<div class=\"elementor-widget-container\">\n\t\t\t\t\t\t\t\t\t<p style=\"text-align: center;\">\ud83e\udd8b \"My head is always full of ideas, and although I sometimes find it hard to choose, I always find a way to make them come true...\ud83d\ude90\"<\/p>\t\t\t\t\t\t\t\t<\/div>\n\t\t\t\t<\/div>\n\t\t\t\t<div class=\"elementor-element elementor-element-1dd4bee elementor-widget elementor-widget-text-editor\" data-id=\"1dd4bee\" data-element_type=\"widget\" data-e-type=\"widget\" data-widget_type=\"text-editor.default\">\n\t\t\t\t<div class=\"elementor-widget-container\">\n\t\t\t\t\t\t\t\t\t<p>Hello, I am\u00a0<strong>Audrey<\/strong>the face behind this website. Many people already know about it... and many still don't! With the help of my partner and a few other collaborators, I launched\u00a0<strong>Marinea<\/strong>\u00a0in 2019 with a clear idea: to bring together small businesses in the area and create my own project.<\/p><p>Today, in 2024, we are still here and still growing. What started as a small dream, now counts several collaborators and more than\u00a0<strong>600 local businesses<\/strong>\u00a0that form part of our directory. Every step has been exciting and we are proud of how this space has become a point of reference for the Marina Baixa and Marina Alta.<\/p><p>Marinea is more than a website; it is a community that seeks to highlight the value of local businesses and offer tourists and residents an easy and practical way to find the best our region has to offer.<\/p><p>Thank you for being part of this adventure!<\/p>\t\t\t\t\t\t\t\t<\/div>\n\t\t\t\t<\/div>\n\t\t\t\t\t<\/div>\n\t\t\t\t<\/div>\n\t\t<div class=\"elementor-element elementor-element-85b3014 e-flex e-con-boxed e-con e-parent\" data-id=\"85b3014\" data-element_type=\"container\" data-e-type=\"container\">\n\t\t\t\t\t<div class=\"e-con-inner\">\n\t\t\t\t<div class=\"elementor-element elementor-element-4afa9f2 pp-ins-normal elementor-widget elementor-widget-pp-image-gallery\" data-id=\"4afa9f2\" data-element_type=\"widget\" data-e-type=\"widget\" data-widget_type=\"pp-image-gallery.default\">\n\t\t\t\t<div class=\"elementor-widget-container\">\n\t\t\t\t\t\t\t<div class=\"pp-image-gallery-container\" data-settings=\"{&quot;tilt_enable&quot;:&quot;yes&quot;,&quot;tilt_axis&quot;:&quot;&quot;,&quot;tilt_amount&quot;:10,&quot;tilt_scale&quot;:1.06,&quot;tilt_speed&quot;:800,&quot;layout&quot;:&quot;justified&quot;,&quot;image_spacing&quot;:10,&quot;row_height&quot;:205,&quot;last_row&quot;:&quot;nojustify&quot;,&quot;post_id&quot;:37646,&quot;template_id&quot;:37646,&quot;widget_id&quot;:&quot;4afa9f2&quot;}\">\n\t\t\t\t\t\t\t\t\t\t\t<div class=\"pp-image-gallery pp-elementor-grid pp-image-gallery-justified\" id=\"pp-image-gallery-4afa9f2\">\n\t\t\t\t\t\t\t\t<div class=\"pp-grid-item-wrap\" data-item-id=\"41752\">\n\t\t\t\t<div class=\"pp-grid-item pp-image\">\n\t\t\t\t\t<div class=\"pp-image-gallery-thumbnail-wrap pp-ins-filter-hover pp-gallery-tilt\">\n\t\t\t\t\t\t<a data-elementor-open-lightbox=\"yes\" data-elementor-lightbox-slideshow=\"4afa9f2\" data-elementor-lightbox-title=\"calpe\" data-e-action-hash=\"#elementor-action%3Aaction%3Dlightbox%26settings%3DeyJpZCI6NDE3NTIsInVybCI6Imh0dHBzOlwvXC93d3cubWFyaW5lYS5lc1wvd3AtY29udGVudFwvdXBsb2Fkc1wvMjAyNFwvMTJcL2NhbHBlLndlYnAiLCJzbGlkZXNob3ciOiI0YWZhOWYyIn0%3D\" class=\"elementor-clickable pp-image-gallery-item-link\" href=\"https:\/\/www.marinea.es\/wp-content\/uploads\/2024\/12\/calpe.webp\"><div class=\"pp-ins-filter-target pp-image-gallery-thumbnail\"><img decoding=\"async\" class=\"pp-gallery-slide-image\" src=\"https:\/\/www.marinea.es\/wp-content\/uploads\/2024\/12\/calpe-768x811.webp\" alt=\"%title\" data-no-lazy=\"1\" title=\"\"><\/div><div class=\"pp-image-overlay pp-media-overlay\"><\/div><div class=\"pp-gallery-image-content pp-media-content\">\t\t<div class=\"pp-gallery-image-caption\">\n\t\t\t\t\t\t\t<div class=\"pp-gallery-image-title\">\n\t\t\t\t\tCalpe\t\t\t\t<\/div>\n\t\t\t\t\t\t\t\t\t\t<div class=\"pp-gallery-image-description\">\n\t\t\t\t\tCalpe\t\t\t\t<\/div>\n\t\t\t\t\t<\/div>\n\t\t<\/div><\/a>\t\t\t\t\t<\/div>\n\t\t\t\t<\/div>\n\t\t\t<\/div>\n\t\t\t\t\t\t<div class=\"pp-grid-item-wrap\" data-item-id=\"41731\">\n\t\t\t\t<div class=\"pp-grid-item pp-image\">\n\t\t\t\t\t<div class=\"pp-image-gallery-thumbnail-wrap pp-ins-filter-hover pp-gallery-tilt\">\n\t\t\t\t\t\t<a data-elementor-open-lightbox=\"yes\" data-elementor-lightbox-slideshow=\"4afa9f2\" data-elementor-lightbox-title=\"IMG-20170204-WA0064\" data-e-action-hash=\"#elementor-action%3Aaction%3Dlightbox%26settings%3DeyJpZCI6NDE3MzEsInVybCI6Imh0dHBzOlwvXC93d3cubWFyaW5lYS5lc1wvd3AtY29udGVudFwvdXBsb2Fkc1wvMjAyNFwvMTJcL0lNRy0yMDE3MDIwNC1XQTAwNjQud2VicCIsInNsaWRlc2hvdyI6IjRhZmE5ZjIifQ%3D%3D\" class=\"elementor-clickable pp-image-gallery-item-link\" href=\"https:\/\/www.marinea.es\/wp-content\/uploads\/2024\/12\/IMG-20170204-WA0064.webp\"><div class=\"pp-ins-filter-target pp-image-gallery-thumbnail\"><img decoding=\"async\" class=\"pp-gallery-slide-image\" src=\"https:\/\/www.marinea.es\/wp-content\/uploads\/2024\/12\/IMG-20170204-WA0064-768x512.webp\" alt=\"%title\" data-no-lazy=\"1\" title=\"\"><\/div><div class=\"pp-image-overlay pp-media-overlay\"><\/div><div class=\"pp-gallery-image-content pp-media-content\">\t\t<div class=\"pp-gallery-image-caption\">\n\t\t\t\t\t\t\t<div class=\"pp-gallery-image-title\">\n\t\t\t\t\tMoraira\t\t\t\t<\/div>\n\t\t\t\t\t\t\t\t\t\t<div class=\"pp-gallery-image-description\">\n\t\t\t\t\tMoraira\t\t\t\t<\/div>\n\t\t\t\t\t<\/div>\n\t\t<\/div><\/a>\t\t\t\t\t<\/div>\n\t\t\t\t<\/div>\n\t\t\t<\/div>\n\t\t\t\t\t\t<div class=\"pp-grid-item-wrap\" data-item-id=\"41727\">\n\t\t\t\t<div class=\"pp-grid-item pp-image\">\n\t\t\t\t\t<div class=\"pp-image-gallery-thumbnail-wrap pp-ins-filter-hover pp-gallery-tilt\">\n\t\t\t\t\t\t<a data-elementor-open-lightbox=\"yes\" data-elementor-lightbox-slideshow=\"4afa9f2\" data-elementor-lightbox-title=\"FB_IMG_1484824907949\" data-e-action-hash=\"#elementor-action%3Aaction%3Dlightbox%26settings%3DeyJpZCI6NDE3MjcsInVybCI6Imh0dHBzOlwvXC93d3cubWFyaW5lYS5lc1wvd3AtY29udGVudFwvdXBsb2Fkc1wvMjAyNFwvMTJcL0ZCX0lNR18xNDg0ODI0OTA3OTQ5LndlYnAiLCJzbGlkZXNob3ciOiI0YWZhOWYyIn0%3D\" class=\"elementor-clickable pp-image-gallery-item-link\" href=\"https:\/\/www.marinea.es\/wp-content\/uploads\/2024\/12\/FB_IMG_1484824907949.webp\"><div class=\"pp-ins-filter-target pp-image-gallery-thumbnail\"><img decoding=\"async\" class=\"pp-gallery-slide-image\" src=\"https:\/\/www.marinea.es\/wp-content\/uploads\/2024\/12\/FB_IMG_1484824907949-768x512.webp\" alt=\"%title\" data-no-lazy=\"1\" title=\"\"><\/div><div class=\"pp-image-overlay pp-media-overlay\"><\/div><div class=\"pp-gallery-image-content pp-media-content\">\t\t<div class=\"pp-gallery-image-caption\">\n\t\t\t\t\t\t\t<div class=\"pp-gallery-image-title\">\n\t\t\t\t\tSierra Aitana\t\t\t\t<\/div>\n\t\t\t\t\t\t\t\t\t\t<div class=\"pp-gallery-image-description\">\n\t\t\t\t\tSierra Aitana\t\t\t\t<\/div>\n\t\t\t\t\t<\/div>\n\t\t<\/div><\/a>\t\t\t\t\t<\/div>\n\t\t\t\t<\/div>\n\t\t\t<\/div>\n\t\t\t\t\t\t<div class=\"pp-grid-item-wrap\" data-item-id=\"41732\">\n\t\t\t\t<div class=\"pp-grid-item pp-image\">\n\t\t\t\t\t<div class=\"pp-image-gallery-thumbnail-wrap pp-ins-filter-hover pp-gallery-tilt\">\n\t\t\t\t\t\t<a data-elementor-open-lightbox=\"yes\" data-elementor-lightbox-slideshow=\"4afa9f2\" data-elementor-lightbox-title=\"IMG-20201122-WA0021\" data-e-action-hash=\"#elementor-action%3Aaction%3Dlightbox%26settings%3DeyJpZCI6NDE3MzIsInVybCI6Imh0dHBzOlwvXC93d3cubWFyaW5lYS5lc1wvd3AtY29udGVudFwvdXBsb2Fkc1wvMjAyNFwvMTJcL0lNRy0yMDIwMTEyMi1XQTAwMjEud2VicCIsInNsaWRlc2hvdyI6IjRhZmE5ZjIifQ%3D%3D\" class=\"elementor-clickable pp-image-gallery-item-link\" href=\"https:\/\/www.marinea.es\/wp-content\/uploads\/2024\/12\/IMG-20201122-WA0021.webp\"><div class=\"pp-ins-filter-target pp-image-gallery-thumbnail\"><img decoding=\"async\" class=\"pp-gallery-slide-image\" src=\"https:\/\/www.marinea.es\/wp-content\/uploads\/2024\/12\/IMG-20201122-WA0021-768x1024.webp\" alt=\"%title\" data-no-lazy=\"1\" title=\"\"><\/div><div class=\"pp-image-overlay pp-media-overlay\"><\/div><div class=\"pp-gallery-image-content pp-media-content\">\t\t<div class=\"pp-gallery-image-caption\">\n\t\t\t\t\t\t\t<div class=\"pp-gallery-image-title\">\n\t\t\t\t\tThe Albir lighthouse\t\t\t\t<\/div>\n\t\t\t\t\t\t\t\t\t\t<div class=\"pp-gallery-image-description\">\n\t\t\t\t\tThe Albir lighthouse\t\t\t\t<\/div>\n\t\t\t\t\t<\/div>\n\t\t<\/div><\/a>\t\t\t\t\t<\/div>\n\t\t\t\t<\/div>\n\t\t\t<\/div>\n\t\t\t\t\t\t<div class=\"pp-grid-item-wrap\" data-item-id=\"41754\">\n\t\t\t\t<div class=\"pp-grid-item pp-image\">\n\t\t\t\t\t<div class=\"pp-image-gallery-thumbnail-wrap pp-ins-filter-hover pp-gallery-tilt\">\n\t\t\t\t\t\t<a data-elementor-open-lightbox=\"yes\" data-elementor-lightbox-slideshow=\"4afa9f2\" data-elementor-lightbox-title=\"salto de la novia navajas\" data-e-action-hash=\"#elementor-action%3Aaction%3Dlightbox%26settings%3DeyJpZCI6NDE3NTQsInVybCI6Imh0dHBzOlwvXC93d3cubWFyaW5lYS5lc1wvd3AtY29udGVudFwvdXBsb2Fkc1wvMjAyNFwvMTJcL3NhbHRvLWRlLWxhLW5vdmlhLW5hdmFqYXMud2VicCIsInNsaWRlc2hvdyI6IjRhZmE5ZjIifQ%3D%3D\" class=\"elementor-clickable pp-image-gallery-item-link\" href=\"https:\/\/www.marinea.es\/wp-content\/uploads\/2024\/12\/salto-de-la-novia-navajas.webp\"><div class=\"pp-ins-filter-target pp-image-gallery-thumbnail\"><img decoding=\"async\" class=\"pp-gallery-slide-image\" src=\"https:\/\/www.marinea.es\/wp-content\/uploads\/2024\/12\/salto-de-la-novia-navajas-768x571.webp\" alt=\"%title\" data-no-lazy=\"1\" title=\"\"><\/div><div class=\"pp-image-overlay pp-media-overlay\"><\/div><div class=\"pp-gallery-image-content pp-media-content\">\t\t<div class=\"pp-gallery-image-caption\">\n\t\t\t\t\t\t\t<div class=\"pp-gallery-image-title\">\n\t\t\t\t\tSalto de la novia - Navajas\t\t\t\t<\/div>\n\t\t\t\t\t\t\t\t\t\t<div class=\"pp-gallery-image-description\">\n\t\t\t\t\tSalto de la novia - Navajas\t\t\t\t<\/div>\n\t\t\t\t\t<\/div>\n\t\t<\/div><\/a>\t\t\t\t\t<\/div>\n\t\t\t\t<\/div>\n\t\t\t<\/div>\n\t\t\t\t\t\t<div class=\"pp-grid-item-wrap\" data-item-id=\"41730\">\n\t\t\t\t<div class=\"pp-grid-item pp-image\">\n\t\t\t\t\t<div class=\"pp-image-gallery-thumbnail-wrap pp-ins-filter-hover pp-gallery-tilt\">\n\t\t\t\t\t\t<a data-elementor-open-lightbox=\"yes\" data-elementor-lightbox-slideshow=\"4afa9f2\" data-elementor-lightbox-title=\"IMG_9743\" data-e-action-hash=\"#elementor-action%3Aaction%3Dlightbox%26settings%3DeyJpZCI6NDE3MzAsInVybCI6Imh0dHBzOlwvXC93d3cubWFyaW5lYS5lc1wvd3AtY29udGVudFwvdXBsb2Fkc1wvMjAyNFwvMTJcL0lNR185NzQzLXNjYWxlZC53ZWJwIiwic2xpZGVzaG93IjoiNGFmYTlmMiJ9\" class=\"elementor-clickable pp-image-gallery-item-link\" href=\"https:\/\/www.marinea.es\/wp-content\/uploads\/2024\/12\/IMG_9743-scaled.webp\"><div class=\"pp-ins-filter-target pp-image-gallery-thumbnail\"><img decoding=\"async\" class=\"pp-gallery-slide-image\" src=\"https:\/\/www.marinea.es\/wp-content\/uploads\/2024\/12\/IMG_9743-768x512.webp\" alt=\"%title\" data-no-lazy=\"1\" title=\"\"><\/div><div class=\"pp-image-overlay pp-media-overlay\"><\/div><div class=\"pp-gallery-image-content pp-media-content\">\t\t<div class=\"pp-gallery-image-caption\">\n\t\t\t\t\t\t\t<div class=\"pp-gallery-image-title\">\n\t\t\t\t\tBarcelona\t\t\t\t<\/div>\n\t\t\t\t\t\t\t\t\t\t<div class=\"pp-gallery-image-description\">\n\t\t\t\t\tBarcelona\t\t\t\t<\/div>\n\t\t\t\t\t<\/div>\n\t\t<\/div><\/a>\t\t\t\t\t<\/div>\n\t\t\t\t<\/div>\n\t\t\t<\/div>\n\t\t\t\t\t\t<div class=\"pp-grid-item-wrap\" data-item-id=\"41673\">\n\t\t\t\t<div class=\"pp-grid-item pp-image\">\n\t\t\t\t\t<div class=\"pp-image-gallery-thumbnail-wrap pp-ins-filter-hover pp-gallery-tilt\">\n\t\t\t\t\t\t<a data-elementor-open-lightbox=\"yes\" data-elementor-lightbox-slideshow=\"4afa9f2\" data-elementor-lightbox-title=\"Imagen de WhatsApp 2024-11-30 a las 07.40.13_a5ac87af\" data-e-action-hash=\"#elementor-action%3Aaction%3Dlightbox%26settings%3DeyJpZCI6NDE2NzMsInVybCI6Imh0dHBzOlwvXC93d3cubWFyaW5lYS5lc1wvd3AtY29udGVudFwvdXBsb2Fkc1wvMjAyNFwvMTFcL0ltYWdlbi1kZS1XaGF0c0FwcC0yMDI0LTExLTMwLWEtbGFzLTA3LjQwLjEzX2E1YWM4N2FmLndlYnAiLCJzbGlkZXNob3ciOiI0YWZhOWYyIn0%3D\" class=\"elementor-clickable pp-image-gallery-item-link\" href=\"https:\/\/www.marinea.es\/wp-content\/uploads\/2024\/11\/Imagen-de-WhatsApp-2024-11-30-a-las-07.40.13_a5ac87af.webp\"><div class=\"pp-ins-filter-target pp-image-gallery-thumbnail\"><img decoding=\"async\" class=\"pp-gallery-slide-image\" src=\"https:\/\/www.marinea.es\/wp-content\/uploads\/2024\/11\/Imagen-de-WhatsApp-2024-11-30-a-las-07.40.13_a5ac87af-768x960.webp\" alt=\"%title\" data-no-lazy=\"1\" title=\"\"><\/div><div class=\"pp-image-overlay pp-media-overlay\"><\/div><div class=\"pp-gallery-image-content pp-media-content\">\t\t<div class=\"pp-gallery-image-caption\">\n\t\t\t\t\t\t\t<div class=\"pp-gallery-image-title\">\n\t\t\t\t\tCordoba\t\t\t\t<\/div>\n\t\t\t\t\t\t\t\t\t\t<div class=\"pp-gallery-image-description\">\n\t\t\t\t\tCordoba\t\t\t\t<\/div>\n\t\t\t\t\t<\/div>\n\t\t<\/div><\/a>\t\t\t\t\t<\/div>\n\t\t\t\t<\/div>\n\t\t\t<\/div>\n\t\t\t\t\t\t<div class=\"pp-grid-item-wrap\" data-item-id=\"41728\">\n\t\t\t\t<div class=\"pp-grid-item pp-image\">\n\t\t\t\t\t<div class=\"pp-image-gallery-thumbnail-wrap pp-ins-filter-hover pp-gallery-tilt\">\n\t\t\t\t\t\t<a data-elementor-open-lightbox=\"yes\" data-elementor-lightbox-slideshow=\"4afa9f2\" data-elementor-lightbox-title=\"IMG_1422\" data-e-action-hash=\"#elementor-action%3Aaction%3Dlightbox%26settings%3DeyJpZCI6NDE3MjgsInVybCI6Imh0dHBzOlwvXC93d3cubWFyaW5lYS5lc1wvd3AtY29udGVudFwvdXBsb2Fkc1wvMjAyNFwvMTJcL0lNR18xNDIyLXNjYWxlZC53ZWJwIiwic2xpZGVzaG93IjoiNGFmYTlmMiJ9\" class=\"elementor-clickable pp-image-gallery-item-link\" href=\"https:\/\/www.marinea.es\/wp-content\/uploads\/2024\/12\/IMG_1422-scaled.webp\"><div class=\"pp-ins-filter-target pp-image-gallery-thumbnail\"><img decoding=\"async\" class=\"pp-gallery-slide-image\" src=\"https:\/\/www.marinea.es\/wp-content\/uploads\/2024\/12\/IMG_1422-768x512.webp\" alt=\"%title\" data-no-lazy=\"1\" title=\"\"><\/div><div class=\"pp-image-overlay pp-media-overlay\"><\/div><div class=\"pp-gallery-image-content pp-media-content\">\t\t<div class=\"pp-gallery-image-caption\">\n\t\t\t\t\t\t\t<div class=\"pp-gallery-image-title\">\n\t\t\t\t\tMallorca\t\t\t\t<\/div>\n\t\t\t\t\t\t\t\t\t\t<div class=\"pp-gallery-image-description\">\n\t\t\t\t\tMallorca\t\t\t\t<\/div>\n\t\t\t\t\t<\/div>\n\t\t<\/div><\/a>\t\t\t\t\t<\/div>\n\t\t\t\t<\/div>\n\t\t\t<\/div>\n\t\t\t\t\t\t<div class=\"pp-grid-item-wrap\" data-item-id=\"41729\">\n\t\t\t\t<div class=\"pp-grid-item pp-image\">\n\t\t\t\t\t<div class=\"pp-image-gallery-thumbnail-wrap pp-ins-filter-hover pp-gallery-tilt\">\n\t\t\t\t\t\t<a data-elementor-open-lightbox=\"yes\" data-elementor-lightbox-slideshow=\"4afa9f2\" data-elementor-lightbox-title=\"IMG_2161\" data-e-action-hash=\"#elementor-action%3Aaction%3Dlightbox%26settings%3DeyJpZCI6NDE3MjksInVybCI6Imh0dHBzOlwvXC93d3cubWFyaW5lYS5lc1wvd3AtY29udGVudFwvdXBsb2Fkc1wvMjAyNFwvMTJcL0lNR18yMTYxLXNjYWxlZC53ZWJwIiwic2xpZGVzaG93IjoiNGFmYTlmMiJ9\" class=\"elementor-clickable pp-image-gallery-item-link\" href=\"https:\/\/www.marinea.es\/wp-content\/uploads\/2024\/12\/IMG_2161-scaled.webp\"><div class=\"pp-ins-filter-target pp-image-gallery-thumbnail\"><img decoding=\"async\" class=\"pp-gallery-slide-image\" src=\"https:\/\/www.marinea.es\/wp-content\/uploads\/2024\/12\/IMG_2161-768x512.webp\" alt=\"%title\" data-no-lazy=\"1\" title=\"\"><\/div><div class=\"pp-image-overlay pp-media-overlay\"><\/div><div class=\"pp-gallery-image-content pp-media-content\">\t\t<div class=\"pp-gallery-image-caption\">\n\t\t\t\t\t\t\t<div class=\"pp-gallery-image-title\">\n\t\t\t\t\tBarcelona\t\t\t\t<\/div>\n\t\t\t\t\t\t\t\t\t\t<div class=\"pp-gallery-image-description\">\n\t\t\t\t\tBarcelona\t\t\t\t<\/div>\n\t\t\t\t\t<\/div>\n\t\t<\/div><\/a>\t\t\t\t\t<\/div>\n\t\t\t\t<\/div>\n\t\t\t<\/div>\n\t\t\t\t\t\t\t<\/div>\n\t\t\t\t\t\t<\/div>\n\t\t\t\t\t\t<\/div>\n\t\t\t\t<\/div>\n\t\t\t\t<div class=\"elementor-element elementor-element-f452073 elementor-button-info elementor-align-center elementor-widget elementor-widget-button\" data-id=\"f452073\" data-element_type=\"widget\" data-e-type=\"widget\" data-widget_type=\"button.default\">\n\t\t\t\t<div class=\"elementor-widget-container\">\n\t\t\t\t\t\t\t\t\t<div class=\"elementor-button-wrapper\">\n\t\t\t\t\t<a class=\"elementor-button elementor-button-link elementor-size-sm\" href=\"https:\/\/www.marinea.es\/en\/renacer-de-las-cenizas-mi-historia-de-libertad-y-crecimiento\/\">\n\t\t\t\t\t\t<span class=\"elementor-button-content-wrapper\">\n\t\t\t\t\t\t\t\t\t<span class=\"elementor-button-text\">More about my story<\/span>\n\t\t\t\t\t<\/span>\n\t\t\t\t\t<\/a>\n\t\t\t\t<\/div>\n\t\t\t\t\t\t\t\t<\/div>\n\t\t\t\t<\/div>\n\t\t\t\t\t<\/div>\n\t\t\t\t<\/div>\n\t\t\t\t<\/div>","protected":false},"excerpt":{"rendered":"<p>Sobre mi \/nosotros \ud83c\udf0d\u00a0Nacionalidad: Alemana, pero con el coraz\u00f3n dividido porque&#8230;\ud83c\udfd6\ufe0f\u00a0Vivo en Espa\u00f1a: \u00a1Aqu\u00ed encontr\u00e9 mi hogar bajo el sol!\u2653\u00a0Signo: Piscis (nacida en 1991, una so\u00f1adora nata). \ud83d\udc9b\u00a0Amante de&#8230; \ud83e\uddf3 Viajar: Siempre con ganas de descubrir nuevos rincones. \ud83d\udc3e Animales: Desde los m\u00e1s peluditos hasta los m\u00e1s ex\u00f3ticos, \u00a1me encantan todos! \ud83d\udcf8\u00a0La fotograf\u00eda: Capturar momentos [&hellip;]<\/p>\n","protected":false},"author":300,"featured_media":0,"parent":0,"menu_order":0,"comment_status":"closed","ping_status":"closed","template":"","meta":{"_monsterinsights_skip_tracking":false,"_monsterinsights_sitenote_active":false,"_monsterinsights_sitenote_note":"","_monsterinsights_sitenote_category":0,"footnotes":""},"class_list":["post-37646","page","type-page","status-publish","hentry"],"acf":[],"_links":{"self":[{"href":"https:\/\/www.marinea.es\/en\/wp-json\/wp\/v2\/pages\/37646","targetHints":{"allow":["GET"]}}],"collection":[{"href":"https:\/\/www.marinea.es\/en\/wp-json\/wp\/v2\/pages"}],"about":[{"href":"https:\/\/www.marinea.es\/en\/wp-json\/wp\/v2\/types\/page"}],"author":[{"embeddable":true,"href":"https:\/\/www.marinea.es\/en\/wp-json\/wp\/v2\/users\/300"}],"replies":[{"embeddable":true,"href":"https:\/\/www.marinea.es\/en\/wp-json\/wp\/v2\/comments?post=37646"}],"version-history":[{"count":3,"href":"https:\/\/www.marinea.es\/en\/wp-json\/wp\/v2\/pages\/37646\/revisions"}],"predecessor-version":[{"id":42092,"href":"https:\/\/www.marinea.es\/en\/wp-json\/wp\/v2\/pages\/37646\/revisions\/42092"}],"wp:attachment":[{"href":"https:\/\/www.marinea.es\/en\/wp-json\/wp\/v2\/media?parent=37646"}],"curies":[{"name":"wp","href":"https:\/\/api.w.org\/{rel}","templated":true}]}}